{"id":3493,"date":"2013-07-07T21:29:11","date_gmt":"2013-07-07T19:29:11","guid":{"rendered":"http:\/\/storytellers.se\/?page_id=3493"},"modified":"2013-07-07T21:29:11","modified_gmt":"2013-07-07T19:29:11","slug":"nyhetsbrevet","status":"publish","type":"page","link":"https:\/\/storytellers.se\/?page_id=3493","title":{"rendered":"L\u00e4s nyhetsbrevet fr\u00e5n Storytellers.se"},"content":{"rendered":"<p>Ungef\u00e4r en g\u00e5ng i m\u00e5naden mejlar jag ett nyhetsbrev fr\u00e5n Storytellers.se d\u00e4r jag reflekterar kring aktuella storytelling- \/ storylistening-fr\u00e5gor.<\/p>\n<p>Jag anv\u00e4nder en tj\u00e4nst f\u00f6r att skicka ut brevet s\u00e5 det kan l\u00e4sas b\u00e5de i mobilen och p\u00e5 webben. Vi har cirka 4.500 prenumeranter f\u00f6r n\u00e4rvarande.<\/p>\n<p>Det \u00e4r sj\u00e4lvfallet kostnadsfritt, du kan s\u00e4ga upp dig fr\u00e5n nyhetsbrevet n\u00e4r som helst. E-postadressen anv\u00e4nds inte utanf\u00f6r Storytellers.se<\/p>\n<p>F\u00f6r att prenumerera <a href=\"http:\/\/admin.getanewsletter.com\/subscription\/YzZRt76rk2C8APxOIbW07f1GVtUDMZTn52\/add\/\">klicka p\u00e5 den h\u00e4r l\u00e4nken<\/a><\/p>\n","protected":false},"excerpt":{"rendered":"<p>Ungef\u00e4r en g\u00e5ng i m\u00e5naden mejlar jag ett nyhetsbrev fr\u00e5n Storytellers.se d\u00e4r jag reflekterar kring aktuella storytelling- \/ storylistening-fr\u00e5gor. Jag anv\u00e4nder en tj\u00e4nst f\u00f6r att skicka ut brevet s\u00e5 det kan l\u00e4sas b\u00e5de i mobilen och p\u00e5 webben. Vi har cirka 4.500 prenumeranter f\u00f6r n\u00e4rvarande. Det \u00e4r sj\u00e4lvfallet kostnadsfritt, du kan s\u00e4ga upp dig fr\u00e5n&#8230;<\/p>\n","protected":false},"author":2,"featured_media":0,"parent":0,"menu_order":0,"comment_status":"open","ping_status":"open","template":"","meta":[],"_links":{"self":[{"href":"https:\/\/storytellers.se\/index.php?rest_route=\/wp\/v2\/pages\/3493"}],"collection":[{"href":"https:\/\/storytellers.se\/index.php?rest_route=\/wp\/v2\/pages"}],"about":[{"href":"https:\/\/storytellers.se\/index.php?rest_route=\/wp\/v2\/types\/page"}],"author":[{"embeddable":true,"href":"https:\/\/storytellers.se\/index.php?rest_route=\/wp\/v2\/users\/2"}],"replies":[{"embeddable":true,"href":"https:\/\/storytellers.se\/index.php?rest_route=%2Fwp%2Fv2%2Fcomments&post=3493"}],"version-history":[{"count":0,"href":"https:\/\/storytellers.se\/index.php?rest_route=\/wp\/v2\/pages\/3493\/revisions"}],"wp:attachment":[{"href":"https:\/\/storytellers.se\/index.php?rest_route=%2Fwp%2Fv2%2Fmedia&parent=3493"}],"curies":[{"name":"wp","href":"https:\/\/api.w.org\/{rel}","templated":true}]}}