{"id":3481,"date":"2013-07-07T15:18:08","date_gmt":"2013-07-07T13:18:08","guid":{"rendered":"http:\/\/storytellers.se\/?page_id=3481"},"modified":"2023-05-22T18:02:49","modified_gmt":"2023-05-22T16:02:49","slug":"videofilmer","status":"publish","type":"page","link":"https:\/\/storytellers.se\/?page_id=3481","title":{"rendered":"Story-TV"},"content":{"rendered":"<p>Vill du kort h\u00f6ra hur jag pratar mer allm\u00e4nt om Storytelling s\u00e5 finns en del p\u00e5 Youtube. Bland annat n\u00e5gra korta som legat ute en tid.<\/p>\n<p>Nu har dessa sm\u00e5\u00a0<em>Youtubefilmer<\/em> p\u00e5 svenska sammanlagt visats \u00f6ver 12.000 g\u00e5nger.<\/p>\n<p>Filmerna \u00e4r mellan 5 och 7 minuter vardera.<\/p>\n<p><iframe loading=\"lazy\" title=\"Storytelling #1\" width=\"700\" height=\"394\" src=\"https:\/\/www.youtube.com\/embed\/wci2de1MMv0?feature=oembed\" frameborder=\"0\" allow=\"accelerometer; autoplay; clipboard-write; encrypted-media; gyroscope; picture-in-picture; web-share\" allowfullscreen><\/iframe><\/p>\n<p><iframe loading=\"lazy\" title=\"Storytelling #2\" width=\"700\" height=\"394\" src=\"https:\/\/www.youtube.com\/embed\/k7YlKr2Jp04?feature=oembed\" frameborder=\"0\" allow=\"accelerometer; autoplay; clipboard-write; encrypted-media; gyroscope; picture-in-picture; web-share\" allowfullscreen><\/iframe><\/p>\n<p><iframe loading=\"lazy\" title=\"Storytelling #3\" width=\"700\" height=\"394\" src=\"https:\/\/www.youtube.com\/embed\/2GPUnBVFkWg?feature=oembed\" frameborder=\"0\" allow=\"accelerometer; autoplay; clipboard-write; encrypted-media; gyroscope; picture-in-picture; web-share\" allowfullscreen><\/iframe><\/p>\n<p><iframe loading=\"lazy\" title=\"Storytelling #4\" width=\"700\" height=\"394\" src=\"https:\/\/www.youtube.com\/embed\/yi0hpla6HrY?feature=oembed\" frameborder=\"0\" allow=\"accelerometer; autoplay; clipboard-write; encrypted-media; gyroscope; picture-in-picture; web-share\" allowfullscreen><\/iframe><\/p>\n","protected":false},"excerpt":{"rendered":"<p>Vill du kort h\u00f6ra hur jag pratar mer allm\u00e4nt om Storytelling s\u00e5 finns en del p\u00e5 Youtube. Bland annat n\u00e5gra korta som legat ute en tid. Nu har dessa sm\u00e5\u00a0Youtubefilmer p\u00e5 svenska sammanlagt visats \u00f6ver 12.000 g\u00e5nger. Filmerna \u00e4r mellan 5 och 7 minuter vardera.<\/p>\n","protected":false},"author":2,"featured_media":0,"parent":0,"menu_order":0,"comment_status":"open","ping_status":"open","template":"","meta":[],"_links":{"self":[{"href":"https:\/\/storytellers.se\/index.php?rest_route=\/wp\/v2\/pages\/3481"}],"collection":[{"href":"https:\/\/storytellers.se\/index.php?rest_route=\/wp\/v2\/pages"}],"about":[{"href":"https:\/\/storytellers.se\/index.php?rest_route=\/wp\/v2\/types\/page"}],"author":[{"embeddable":true,"href":"https:\/\/storytellers.se\/index.php?rest_route=\/wp\/v2\/users\/2"}],"replies":[{"embeddable":true,"href":"https:\/\/storytellers.se\/index.php?rest_route=%2Fwp%2Fv2%2Fcomments&post=3481"}],"version-history":[{"count":1,"href":"https:\/\/storytellers.se\/index.php?rest_route=\/wp\/v2\/pages\/3481\/revisions"}],"predecessor-version":[{"id":6029,"href":"https:\/\/storytellers.se\/index.php?rest_route=\/wp\/v2\/pages\/3481\/revisions\/6029"}],"wp:attachment":[{"href":"https:\/\/storytellers.se\/index.php?rest_route=%2Fwp%2Fv2%2Fmedia&parent=3481"}],"curies":[{"name":"wp","href":"https:\/\/api.w.org\/{rel}","templated":true}]}}